{"id":343,"date":"2021-09-05T19:28:47","date_gmt":"2021-09-05T17:28:47","guid":{"rendered":"https:\/\/mrc-technics.com\/?post_type=product&#038;p=343"},"modified":"2026-02-06T14:51:23","modified_gmt":"2026-02-06T13:51:23","slug":"revisie-kit-warmloopregelaar-zonder-vacuum","status":"publish","type":"product","link":"https:\/\/mrc-technics.com\/en\/shop\/k-jetronic\/warmloopregelaar\/revisie-kit-warmloopregelaar-zonder-vacuum\/","title":{"rendered":"Rebuild kit warm up regulator without vacu\u00fcm"},"content":{"rendered":"<p>This revision kit contains the following parts (12 parts in total):<\/p>\n<ul>\n<li>main seal warm up regulator<\/li>\n<li>fuel diaphragms (stainless steel 304)<\/li>\n<li>O-ring for fuel diaphragm (material: Viton, resistant to fuels containing ethanol)<\/li>\n<li>O-ring for electrical connection<\/li>\n<li>4 screws for  fuel diaphragm (galvanised)<\/li>\n<li>2 small and 2 larger copper seals<\/li>\n<\/ul>\n<p>This revision kit is suitable for the following warm up regulators:<br \/>\n0438140004, 0438140011, 0438140012, 0438140013, 0438140014, 0438140020, 0438140025, 0438140032, 0438140048, 0438140064, 0438140065, 0438140071, 0438140072, 0438140073, 0438140074, 0438140084, 0438140088, 0438140099, 0438140100, 0438140111, 0438140118, 0438140119, 0438140129, 0438140136, 0438140146, 0438140149, 0438140150, 0438140163, 0438140021, 0438140026, 0438140027, 0438140093, 0438140096, 0438140128, 0438140130, 0438140131, 0438140132, 0438140157<\/p>","protected":false},"excerpt":{"rendered":"<p>High quality rebuild kit for the warm up regulator without vacuum. The rebuild kit has been developed and assembled by us (MRC-technics) in Belgium.<br \/>\nA detailed assembly manual is also provided (see downloads) to make the assembly process as easy as possible.<\/p>\n<p>The warm up regulator can be rebuild by us as well.<\/p>","protected":false},"featured_media":336,"template":"","meta":{"site-sidebar-layout":"default","site-content-layout":"default","ast-site-content-layout":"default","site-content-style":"default","site-sidebar-style":"default","ast-global-header-display":"","ast-banner-title-visibility":"","ast-main-header-display":"","ast-hfb-above-header-display":"","ast-hfb-below-header-display":"","ast-hfb-mobile-header-display":"","site-post-title":"","ast-breadcrumbs-content":"","ast-featured-img":"","footer-sml-layout":"","ast-disable-related-posts":"","theme-transparent-header-meta":"default","adv-header-id-meta":"","stick-header-meta":"","header-above-stick-meta":"","header-main-stick-meta":"","header-below-stick-meta":"","astra-migrate-meta-layouts":"set","ast-page-background-enabled":"default","ast-page-background-meta":{"desktop":{"background-color":"var(--ast-global-color-4)","background-image":"","background-repeat":"repeat","background-position":"center center","background-size":"auto","background-attachment":"scroll","background-type":"","background-media":"","overlay-type":"","overlay-color":"","overlay-opacity":"","overlay-gradient":""},"tablet":{"background-color":"","background-image":"","background-repeat":"repeat","background-position":"center center","background-size":"auto","background-attachment":"scroll","background-type":"","background-media":"","overlay-type":"","overlay-color":"","overlay-opacity":"","overlay-gradient":""},"mobile":{"background-color":"","background-image":"","background-repeat":"repeat","background-position":"center center","background-size":"auto","background-attachment":"scroll","background-type":"","background-media":"","overlay-type":"","overlay-color":"","overlay-opacity":"","overlay-gradient":""}},"ast-content-background-meta":{"desktop":{"background-color":"var(--ast-global-color-5)","background-image":"","background-repeat":"repeat","background-position":"center center","background-size":"auto","background-attachment":"scroll","background-type":"","background-media":"","overlay-type":"","overlay-color":"","overlay-opacity":"","overlay-gradient":""},"tablet":{"background-color":"var(--ast-global-color-5)","background-image":"","background-repeat":"repeat","background-position":"center center","background-size":"auto","background-attachment":"scroll","background-type":"","background-media":"","overlay-type":"","overlay-color":"","overlay-opacity":"","overlay-gradient":""},"mobile":{"background-color":"var(--ast-global-color-5)","background-image":"","background-repeat":"repeat","background-position":"center center","background-size":"auto","background-attachment":"scroll","background-type":"","background-media":"","overlay-type":"","overlay-color":"","overlay-opacity":"","overlay-gradient":""}}},"product_brand":[],"product_cat":[17,24],"product_tag":[221,222,223,224,225,226,211,227,212,213,228,229,230,231,232,233,234,235,236,237,214,215,238,239,240,241,242,216,243,217,218,219,244,245,246,247,220,248,173,174,175,176,177,178,201,179,202,203,180,181,182,183,184,185,186,187,188,189,204,205,190,191,192,193,194,206,195,207,208,209,196,197,198,199,210,200],"class_list":{"0":"post-343","1":"product","2":"type-product","3":"status-publish","4":"has-post-thumbnail","6":"product_cat-k-jetronic","7":"product_cat-warmloopregelaar","8":"product_tag-0-438-140-004","9":"product_tag-0-438-140-011","10":"product_tag-0-438-140-012","11":"product_tag-0-438-140-013","12":"product_tag-0-438-140-014","13":"product_tag-0-438-140-020","14":"product_tag-0-438-140-021","15":"product_tag-0-438-140-025","16":"product_tag-0-438-140-026","17":"product_tag-0-438-140-027","18":"product_tag-0-438-140-032","19":"product_tag-0-438-140-048","20":"product_tag-0-438-140-064","21":"product_tag-0-438-140-065","22":"product_tag-0-438-140-071","23":"product_tag-0-438-140-072","24":"product_tag-0-438-140-073","25":"product_tag-0-438-140-074","26":"product_tag-0-438-140-084","27":"product_tag-0-438-140-088","28":"product_tag-0-438-140-093","29":"product_tag-0-438-140-096","30":"product_tag-0-438-140-099","31":"product_tag-0-438-140-100","32":"product_tag-0-438-140-111","33":"product_tag-0-438-140-118","34":"product_tag-0-438-140-119","35":"product_tag-0-438-140-128","36":"product_tag-0-438-140-129","37":"product_tag-0-438-140-130","38":"product_tag-0-438-140-131","39":"product_tag-0-438-140-132","40":"product_tag-0-438-140-136","41":"product_tag-0-438-140-146","42":"product_tag-0-438-140-149","43":"product_tag-0-438-140-150","44":"product_tag-0-438-140-157","45":"product_tag-0-438-140-163","46":"product_tag-173","47":"product_tag-174","48":"product_tag-175","49":"product_tag-176","50":"product_tag-177","51":"product_tag-178","52":"product_tag-201","53":"product_tag-179","54":"product_tag-202","55":"product_tag-203","56":"product_tag-180","57":"product_tag-181","58":"product_tag-182","59":"product_tag-183","60":"product_tag-184","61":"product_tag-185","62":"product_tag-186","63":"product_tag-187","64":"product_tag-188","65":"product_tag-189","66":"product_tag-204","67":"product_tag-205","68":"product_tag-190","69":"product_tag-191","70":"product_tag-192","71":"product_tag-193","72":"product_tag-194","73":"product_tag-206","74":"product_tag-195","75":"product_tag-207","76":"product_tag-208","77":"product_tag-209","78":"product_tag-196","79":"product_tag-197","80":"product_tag-198","81":"product_tag-199","82":"product_tag-210","83":"product_tag-200","84":"desktop-align-left","85":"tablet-align-left","86":"mobile-align-left","88":"first","89":"onbackorder","90":"taxable","91":"shipping-taxable","92":"purchasable","93":"product-type-simple"},"yoast_head":"<!-- This site is optimized with the Yoast SEO plugin v27.3 - https:\/\/yoast.com\/product\/yoast-seo-wordpress\/ -->\n<title>Revisie kit warmloopregelaar zonder vacu\u00fcm - MRC-technics<\/title>\n<meta name=\"robots\" content=\"index, follow, max-snippet:-1, max-image-preview:large, max-video-preview:-1\" \/>\n<link rel=\"canonical\" href=\"https:\/\/mrc-technics.com\/en\/shop\/k-jetronic\/warmloopregelaar\/revisie-kit-warmloopregelaar-zonder-vacuum\/\" \/>\n<meta property=\"og:locale\" content=\"en_GB\" \/>\n<meta property=\"og:type\" content=\"article\" \/>\n<meta property=\"og:title\" content=\"Revisie kit warmloopregelaar zonder vacu\u00fcm - MRC-technics\" \/>\n<meta property=\"og:description\" content=\"Hoog kwalitatieve revisie kit voor het type warmloopregelaar zonder vacu\u00fcm. De revisiekit is ontwikkeld en samengesteld door ons (MRC-technics) in Belgi\u00eb. Een uitgebreide montage handleiding is tevens aanwezig (zie downloads) om de montage zo vlot mogelijk te laten verlopen.  De warmloopregelaar kan ook door ons gereviseerd worden.\" \/>\n<meta property=\"og:url\" content=\"https:\/\/mrc-technics.com\/en\/shop\/k-jetronic\/warmloopregelaar\/revisie-kit-warmloopregelaar-zonder-vacuum\/\" \/>\n<meta property=\"og:site_name\" content=\"MRC-technics\" \/>\n<meta property=\"article:publisher\" content=\"https:\/\/www.facebook.com\/MRCtechnics\" \/>\n<meta property=\"article:modified_time\" content=\"2026-02-06T13:51:23+00:00\" \/>\n<meta property=\"og:image\" content=\"https:\/\/mrc-technics.com\/wp-content\/uploads\/2021\/09\/IMG_2733.jpg\" \/>\n\t<meta property=\"og:image:width\" content=\"1150\" \/>\n\t<meta property=\"og:image:height\" content=\"1536\" \/>\n\t<meta property=\"og:image:type\" content=\"image\/jpeg\" \/>\n<meta name=\"twitter:card\" content=\"summary_large_image\" \/>\n<script type=\"application\/ld+json\" class=\"yoast-schema-graph\">{\"@context\":\"https:\\\/\\\/schema.org\",\"@graph\":[{\"@type\":\"WebPage\",\"@id\":\"https:\\\/\\\/mrc-technics.com\\\/shop\\\/k-jetronic\\\/warmloopregelaar\\\/revisie-kit-warmloopregelaar-zonder-vacuum\\\/\",\"url\":\"https:\\\/\\\/mrc-technics.com\\\/shop\\\/k-jetronic\\\/warmloopregelaar\\\/revisie-kit-warmloopregelaar-zonder-vacuum\\\/\",\"name\":\"Revisie kit warmloopregelaar zonder vacu\u00fcm - MRC-technics\",\"isPartOf\":{\"@id\":\"https:\\\/\\\/mrc-technics.com\\\/#website\"},\"primaryImageOfPage\":{\"@id\":\"https:\\\/\\\/mrc-technics.com\\\/shop\\\/k-jetronic\\\/warmloopregelaar\\\/revisie-kit-warmloopregelaar-zonder-vacuum\\\/#primaryimage\"},\"image\":{\"@id\":\"https:\\\/\\\/mrc-technics.com\\\/shop\\\/k-jetronic\\\/warmloopregelaar\\\/revisie-kit-warmloopregelaar-zonder-vacuum\\\/#primaryimage\"},\"thumbnailUrl\":\"https:\\\/\\\/mrc-technics.com\\\/wp-content\\\/uploads\\\/2021\\\/09\\\/IMG_2733.jpg\",\"datePublished\":\"2021-09-05T17:28:47+00:00\",\"dateModified\":\"2026-02-06T13:51:23+00:00\",\"breadcrumb\":{\"@id\":\"https:\\\/\\\/mrc-technics.com\\\/shop\\\/k-jetronic\\\/warmloopregelaar\\\/revisie-kit-warmloopregelaar-zonder-vacuum\\\/#breadcrumb\"},\"inLanguage\":\"en-GB\",\"potentialAction\":[{\"@type\":\"ReadAction\",\"target\":[\"https:\\\/\\\/mrc-technics.com\\\/shop\\\/k-jetronic\\\/warmloopregelaar\\\/revisie-kit-warmloopregelaar-zonder-vacuum\\\/\"]}]},{\"@type\":\"ImageObject\",\"inLanguage\":\"en-GB\",\"@id\":\"https:\\\/\\\/mrc-technics.com\\\/shop\\\/k-jetronic\\\/warmloopregelaar\\\/revisie-kit-warmloopregelaar-zonder-vacuum\\\/#primaryimage\",\"url\":\"https:\\\/\\\/mrc-technics.com\\\/wp-content\\\/uploads\\\/2021\\\/09\\\/IMG_2733.jpg\",\"contentUrl\":\"https:\\\/\\\/mrc-technics.com\\\/wp-content\\\/uploads\\\/2021\\\/09\\\/IMG_2733.jpg\",\"width\":1150,\"height\":1536,\"caption\":\"Revisiekit warmloopregelaar\"},{\"@type\":\"BreadcrumbList\",\"@id\":\"https:\\\/\\\/mrc-technics.com\\\/shop\\\/k-jetronic\\\/warmloopregelaar\\\/revisie-kit-warmloopregelaar-zonder-vacuum\\\/#breadcrumb\",\"itemListElement\":[{\"@type\":\"ListItem\",\"position\":1,\"name\":\"Home\",\"item\":\"https:\\\/\\\/mrc-technics.com\\\/\"},{\"@type\":\"ListItem\",\"position\":2,\"name\":\"Shop\",\"item\":\"https:\\\/\\\/mrc-technics.com\\\/shop\\\/\"},{\"@type\":\"ListItem\",\"position\":3,\"name\":\"Revisie kit warmloopregelaar zonder vacu\u00fcm\"}]},{\"@type\":\"WebSite\",\"@id\":\"https:\\\/\\\/mrc-technics.com\\\/#website\",\"url\":\"https:\\\/\\\/mrc-technics.com\\\/\",\"name\":\"MRC-technics\",\"description\":\"One location for all your K jetronic injecion parts\",\"publisher\":{\"@id\":\"https:\\\/\\\/mrc-technics.com\\\/#organization\"},\"potentialAction\":[{\"@type\":\"SearchAction\",\"target\":{\"@type\":\"EntryPoint\",\"urlTemplate\":\"https:\\\/\\\/mrc-technics.com\\\/?s={search_term_string}\"},\"query-input\":{\"@type\":\"PropertyValueSpecification\",\"valueRequired\":true,\"valueName\":\"search_term_string\"}}],\"inLanguage\":\"en-GB\"},{\"@type\":\"Organization\",\"@id\":\"https:\\\/\\\/mrc-technics.com\\\/#organization\",\"name\":\"MRC-technics\",\"url\":\"https:\\\/\\\/mrc-technics.com\\\/\",\"logo\":{\"@type\":\"ImageObject\",\"inLanguage\":\"en-GB\",\"@id\":\"https:\\\/\\\/mrc-technics.com\\\/#\\\/schema\\\/logo\\\/image\\\/\",\"url\":\"https:\\\/\\\/mrc-technics.com\\\/wp-content\\\/uploads\\\/2021\\\/08\\\/cropped-logo-1.png\",\"contentUrl\":\"https:\\\/\\\/mrc-technics.com\\\/wp-content\\\/uploads\\\/2021\\\/08\\\/cropped-logo-1.png\",\"width\":512,\"height\":512,\"caption\":\"MRC-technics\"},\"image\":{\"@id\":\"https:\\\/\\\/mrc-technics.com\\\/#\\\/schema\\\/logo\\\/image\\\/\"},\"sameAs\":[\"https:\\\/\\\/www.facebook.com\\\/MRCtechnics\"]}]}<\/script>\n<!-- \/ Yoast SEO plugin. -->","yoast_head_json":{"title":"Revisie kit warmloopregelaar zonder vacu\u00fcm - MRC-technics","robots":{"index":"index","follow":"follow","max-snippet":"max-snippet:-1","max-image-preview":"max-image-preview:large","max-video-preview":"max-video-preview:-1"},"canonical":"https:\/\/mrc-technics.com\/en\/shop\/k-jetronic\/warmloopregelaar\/revisie-kit-warmloopregelaar-zonder-vacuum\/","og_locale":"en_GB","og_type":"article","og_title":"Revisie kit warmloopregelaar zonder vacu\u00fcm - MRC-technics","og_description":"Hoog kwalitatieve revisie kit voor het type warmloopregelaar zonder vacu\u00fcm. De revisiekit is ontwikkeld en samengesteld door ons (MRC-technics) in Belgi\u00eb. Een uitgebreide montage handleiding is tevens aanwezig (zie downloads) om de montage zo vlot mogelijk te laten verlopen.  De warmloopregelaar kan ook door ons gereviseerd worden.","og_url":"https:\/\/mrc-technics.com\/en\/shop\/k-jetronic\/warmloopregelaar\/revisie-kit-warmloopregelaar-zonder-vacuum\/","og_site_name":"MRC-technics","article_publisher":"https:\/\/www.facebook.com\/MRCtechnics","article_modified_time":"2026-02-06T13:51:23+00:00","og_image":[{"width":1150,"height":1536,"url":"https:\/\/mrc-technics.com\/wp-content\/uploads\/2021\/09\/IMG_2733.jpg","type":"image\/jpeg"}],"twitter_card":"summary_large_image","schema":{"@context":"https:\/\/schema.org","@graph":[{"@type":"WebPage","@id":"https:\/\/mrc-technics.com\/shop\/k-jetronic\/warmloopregelaar\/revisie-kit-warmloopregelaar-zonder-vacuum\/","url":"https:\/\/mrc-technics.com\/shop\/k-jetronic\/warmloopregelaar\/revisie-kit-warmloopregelaar-zonder-vacuum\/","name":"Revisie kit warmloopregelaar zonder vacu\u00fcm - MRC-technics","isPartOf":{"@id":"https:\/\/mrc-technics.com\/#website"},"primaryImageOfPage":{"@id":"https:\/\/mrc-technics.com\/shop\/k-jetronic\/warmloopregelaar\/revisie-kit-warmloopregelaar-zonder-vacuum\/#primaryimage"},"image":{"@id":"https:\/\/mrc-technics.com\/shop\/k-jetronic\/warmloopregelaar\/revisie-kit-warmloopregelaar-zonder-vacuum\/#primaryimage"},"thumbnailUrl":"https:\/\/mrc-technics.com\/wp-content\/uploads\/2021\/09\/IMG_2733.jpg","datePublished":"2021-09-05T17:28:47+00:00","dateModified":"2026-02-06T13:51:23+00:00","breadcrumb":{"@id":"https:\/\/mrc-technics.com\/shop\/k-jetronic\/warmloopregelaar\/revisie-kit-warmloopregelaar-zonder-vacuum\/#breadcrumb"},"inLanguage":"en-GB","potentialAction":[{"@type":"ReadAction","target":["https:\/\/mrc-technics.com\/shop\/k-jetronic\/warmloopregelaar\/revisie-kit-warmloopregelaar-zonder-vacuum\/"]}]},{"@type":"ImageObject","inLanguage":"en-GB","@id":"https:\/\/mrc-technics.com\/shop\/k-jetronic\/warmloopregelaar\/revisie-kit-warmloopregelaar-zonder-vacuum\/#primaryimage","url":"https:\/\/mrc-technics.com\/wp-content\/uploads\/2021\/09\/IMG_2733.jpg","contentUrl":"https:\/\/mrc-technics.com\/wp-content\/uploads\/2021\/09\/IMG_2733.jpg","width":1150,"height":1536,"caption":"Revisiekit warmloopregelaar"},{"@type":"BreadcrumbList","@id":"https:\/\/mrc-technics.com\/shop\/k-jetronic\/warmloopregelaar\/revisie-kit-warmloopregelaar-zonder-vacuum\/#breadcrumb","itemListElement":[{"@type":"ListItem","position":1,"name":"Home","item":"https:\/\/mrc-technics.com\/"},{"@type":"ListItem","position":2,"name":"Shop","item":"https:\/\/mrc-technics.com\/shop\/"},{"@type":"ListItem","position":3,"name":"Revisie kit warmloopregelaar zonder vacu\u00fcm"}]},{"@type":"WebSite","@id":"https:\/\/mrc-technics.com\/#website","url":"https:\/\/mrc-technics.com\/","name":"MRC-technics","description":"One location for all your K jetronic injecion parts","publisher":{"@id":"https:\/\/mrc-technics.com\/#organization"},"potentialAction":[{"@type":"SearchAction","target":{"@type":"EntryPoint","urlTemplate":"https:\/\/mrc-technics.com\/?s={search_term_string}"},"query-input":{"@type":"PropertyValueSpecification","valueRequired":true,"valueName":"search_term_string"}}],"inLanguage":"en-GB"},{"@type":"Organization","@id":"https:\/\/mrc-technics.com\/#organization","name":"MRC-technics","url":"https:\/\/mrc-technics.com\/","logo":{"@type":"ImageObject","inLanguage":"en-GB","@id":"https:\/\/mrc-technics.com\/#\/schema\/logo\/image\/","url":"https:\/\/mrc-technics.com\/wp-content\/uploads\/2021\/08\/cropped-logo-1.png","contentUrl":"https:\/\/mrc-technics.com\/wp-content\/uploads\/2021\/08\/cropped-logo-1.png","width":512,"height":512,"caption":"MRC-technics"},"image":{"@id":"https:\/\/mrc-technics.com\/#\/schema\/logo\/image\/"},"sameAs":["https:\/\/www.facebook.com\/MRCtechnics"]}]}},"_links":{"self":[{"href":"https:\/\/mrc-technics.com\/en\/wp-json\/wp\/v2\/product\/343","targetHints":{"allow":["GET"]}}],"collection":[{"href":"https:\/\/mrc-technics.com\/en\/wp-json\/wp\/v2\/product"}],"about":[{"href":"https:\/\/mrc-technics.com\/en\/wp-json\/wp\/v2\/types\/product"}],"wp:featuredmedia":[{"embeddable":true,"href":"https:\/\/mrc-technics.com\/en\/wp-json\/wp\/v2\/media\/336"}],"wp:attachment":[{"href":"https:\/\/mrc-technics.com\/en\/wp-json\/wp\/v2\/media?parent=343"}],"wp:term":[{"taxonomy":"product_brand","embeddable":true,"href":"https:\/\/mrc-technics.com\/en\/wp-json\/wp\/v2\/product_brand?post=343"},{"taxonomy":"product_cat","embeddable":true,"href":"https:\/\/mrc-technics.com\/en\/wp-json\/wp\/v2\/product_cat?post=343"},{"taxonomy":"product_tag","embeddable":true,"href":"https:\/\/mrc-technics.com\/en\/wp-json\/wp\/v2\/product_tag?post=343"}],"curies":[{"name":"wp","href":"https:\/\/api.w.org\/{rel}","templated":true}]}}